{"id":84,"date":"2021-12-27T09:53:05","date_gmt":"2021-12-27T09:53:05","guid":{"rendered":"https:\/\/demosites.royal-elementor-addons.com\/portfolio-v1\/?page_id=84"},"modified":"2024-02-28T10:27:05","modified_gmt":"2024-02-28T10:27:05","slug":"portfolio-2","status":"publish","type":"page","link":"https:\/\/creativekatja.cabaroo.com\/?page_id=84","title":{"rendered":"Portfolio"},"content":{"rendered":"\t\t<div data-elementor-type=\"wp-page\" data-elementor-id=\"84\" class=\"elementor elementor-84\">\n\t\t\t\t\t\t<section class=\"elementor-section elementor-top-section elementor-element elementor-element-9366ceb elementor-section-boxed elementor-section-height-default elementor-section-height-default wpr-particle-no wpr-jarallax-no wpr-parallax-no wpr-sticky-section-no wpr-equal-height-no elementor-invisible\" data-id=\"9366ceb\" data-element_type=\"section\" data-e-type=\"section\" data-settings=\"{&quot;background_background&quot;:&quot;classic&quot;,&quot;animation&quot;:&quot;fadeInRight&quot;}\">\n\t\t\t\t\t\t\t<div class=\"elementor-background-overlay\"><\/div>\n\t\t\t\t\t\t\t<div class=\"elementor-container elementor-column-gap-default\">\n\t\t\t\t\t<div class=\"elementor-column elementor-col-100 elementor-top-column elementor-element elementor-element-f31d065\" data-id=\"f31d065\" data-element_type=\"column\" data-e-type=\"column\">\n\t\t\t<div class=\"elementor-widget-wrap elementor-element-populated\">\n\t\t\t\t\t\t<div class=\"elementor-element elementor-element-75b6582 elementor-widget elementor-widget-heading\" data-id=\"75b6582\" data-element_type=\"widget\" data-e-type=\"widget\" data-widget_type=\"heading.default\">\n\t\t\t\t<div class=\"elementor-widget-container\">\n\t\t\t\t\t<h2 class=\"elementor-heading-title elementor-size-default\">Portfolio<\/h2>\t\t\t\t<\/div>\n\t\t\t\t<\/div>\n\t\t\t\t\t<\/div>\n\t\t<\/div>\n\t\t\t\t\t<\/div>\n\t\t<\/section>\n\t\t\t\t<section class=\"elementor-section elementor-top-section elementor-element elementor-element-5d59edd elementor-section-boxed elementor-section-height-default elementor-section-height-default wpr-particle-no wpr-jarallax-no wpr-parallax-no wpr-sticky-section-no wpr-equal-height-no\" data-id=\"5d59edd\" data-element_type=\"section\" data-e-type=\"section\">\n\t\t\t\t\t\t<div class=\"elementor-container elementor-column-gap-default\">\n\t\t\t\t\t<div class=\"elementor-column elementor-col-100 elementor-top-column elementor-element elementor-element-a1eec02\" data-id=\"a1eec02\" data-element_type=\"column\" data-e-type=\"column\">\n\t\t\t<div class=\"elementor-widget-wrap elementor-element-populated\">\n\t\t\t\t\t\t<section class=\"elementor-section elementor-inner-section elementor-element elementor-element-c8d3846 elementor-section-boxed elementor-section-height-default elementor-section-height-default wpr-particle-no wpr-jarallax-no wpr-parallax-no wpr-sticky-section-no wpr-equal-height-no\" data-id=\"c8d3846\" data-element_type=\"section\" data-e-type=\"section\">\n\t\t\t\t\t\t<div class=\"elementor-container elementor-column-gap-no\">\n\t\t\t\t\t<div class=\"elementor-column elementor-col-50 elementor-inner-column elementor-element elementor-element-284d5c8\" data-id=\"284d5c8\" data-element_type=\"column\" data-e-type=\"column\">\n\t\t\t<div class=\"elementor-widget-wrap elementor-element-populated\">\n\t\t\t\t\t\t<div class=\"elementor-element elementor-element-579fd36 elementor-widget-divider--view-line elementor-widget elementor-widget-divider\" data-id=\"579fd36\" data-element_type=\"widget\" data-e-type=\"widget\" data-widget_type=\"divider.default\">\n\t\t\t\t<div class=\"elementor-widget-container\">\n\t\t\t\t\t\t\t<div class=\"elementor-divider\">\n\t\t\t<span class=\"elementor-divider-separator\">\n\t\t\t\t\t\t<\/span>\n\t\t<\/div>\n\t\t\t\t\t\t<\/div>\n\t\t\t\t<\/div>\n\t\t\t\t\t<\/div>\n\t\t<\/div>\n\t\t\t\t<div class=\"elementor-column elementor-col-50 elementor-inner-column elementor-element elementor-element-9846d9c\" data-id=\"9846d9c\" data-element_type=\"column\" data-e-type=\"column\">\n\t\t\t<div class=\"elementor-widget-wrap elementor-element-populated\">\n\t\t\t\t\t\t<div class=\"elementor-element elementor-element-98457ea elementor-widget elementor-widget-heading\" data-id=\"98457ea\" data-element_type=\"widget\" data-e-type=\"widget\" data-widget_type=\"heading.default\">\n\t\t\t\t<div class=\"elementor-widget-container\">\n\t\t\t\t\t<h2 class=\"elementor-heading-title elementor-size-default\">Portfolio<\/h2>\t\t\t\t<\/div>\n\t\t\t\t<\/div>\n\t\t\t\t\t<\/div>\n\t\t<\/div>\n\t\t\t\t\t<\/div>\n\t\t<\/section>\n\t\t\t\t<div class=\"elementor-element elementor-element-beb8637 elementor-widget elementor-widget-heading\" data-id=\"beb8637\" data-element_type=\"widget\" data-e-type=\"widget\" data-widget_type=\"heading.default\">\n\t\t\t\t<div class=\"elementor-widget-container\">\n\t\t\t\t\t<h2 class=\"elementor-heading-title elementor-size-default\">Ty\u00f6n\u00e4ytteit\u00e4<\/h2>\t\t\t\t<\/div>\n\t\t\t\t<\/div>\n\t\t\t\t<div class=\"elementor-element elementor-element-c34fb5c elementor-widget elementor-widget-text-editor\" data-id=\"c34fb5c\" data-element_type=\"widget\" data-e-type=\"widget\" data-widget_type=\"text-editor.default\">\n\t\t\t\t<div class=\"elementor-widget-container\">\n\t\t\t\t\t\t\t\t\t<p>Klikkaa kuvista niin p\u00e4\u00e4set lukemaan aiheesta enemm\u00e4n.<\/p>\t\t\t\t\t\t\t\t<\/div>\n\t\t\t\t<\/div>\n\t\t\t\t<div class=\"elementor-element elementor-element-002dbef wpr-grid-columns-3 wpr-item-styles-wrapper wpr-grid-columns--tablet2 wpr-grid-columns--mobile1 elementor-invisible elementor-widget elementor-widget-wpr-grid\" data-id=\"002dbef\" data-element_type=\"widget\" data-e-type=\"widget\" data-settings=\"{&quot;_animation&quot;:&quot;fadeInRight&quot;}\" data-widget_type=\"wpr-grid.default\">\n\t\t\t\t<div class=\"elementor-widget-container\">\n\t\t\t\t\t<ul class=\"wpr-grid-filters elementor-clearfix wpr-grid-filters-sep-left\"><li class=\" wpr-pointer-none wpr-pointer-line-fx wpr-pointer-fx-none\"><span  data-filter=\"*\" class=\"wpr-grid-filters-item wpr-active-filter \">Kaikki<\/span><\/li><li class=\" wpr-pointer-none wpr-pointer-line-fx wpr-pointer-fx-none\"><em class=\"wpr-grid-filters-sep\"><\/em><span   data-ajax-filter=[\"category\",\"banner\"]  data-filter=\".category-banner\">Banner<\/span><\/li><li class=\" wpr-pointer-none wpr-pointer-line-fx wpr-pointer-fx-none\"><em class=\"wpr-grid-filters-sep\"><\/em><span   data-ajax-filter=[\"category\",\"design\"]  data-filter=\".category-design\">Design<\/span><\/li><li class=\" wpr-pointer-none wpr-pointer-line-fx wpr-pointer-fx-none\"><em class=\"wpr-grid-filters-sep\"><\/em><span   data-ajax-filter=[\"category\",\"esitteet\"]  data-filter=\".category-esitteet\">Esitteet<\/span><\/li><li class=\" wpr-pointer-none wpr-pointer-line-fx wpr-pointer-fx-none\"><em class=\"wpr-grid-filters-sep\"><\/em><span   data-ajax-filter=[\"category\",\"flyer\"]  data-filter=\".category-flyer\">Flyer<\/span><\/li><li class=\" wpr-pointer-none wpr-pointer-line-fx wpr-pointer-fx-none\"><em class=\"wpr-grid-filters-sep\"><\/em><span   data-ajax-filter=[\"category\",\"illustrator\"]  data-filter=\".category-illustrator\">Illustrator<\/span><\/li><li class=\" wpr-pointer-none wpr-pointer-line-fx wpr-pointer-fx-none\"><em class=\"wpr-grid-filters-sep\"><\/em><span   data-ajax-filter=[\"category\",\"indesign\"]  data-filter=\".category-indesign\">InDesign<\/span><\/li><li class=\" wpr-pointer-none wpr-pointer-line-fx wpr-pointer-fx-none\"><em class=\"wpr-grid-filters-sep\"><\/em><span   data-ajax-filter=[\"category\",\"photoediting\"]  data-filter=\".category-photoediting\">Kuvank\u00e4sittely<\/span><\/li><li class=\" wpr-pointer-none wpr-pointer-line-fx wpr-pointer-fx-none\"><em class=\"wpr-grid-filters-sep\"><\/em><span   data-ajax-filter=[\"category\",\"kuvitus\"]  data-filter=\".category-kuvitus\">Kuvitus<\/span><\/li><li class=\" wpr-pointer-none wpr-pointer-line-fx wpr-pointer-fx-none\"><em class=\"wpr-grid-filters-sep\"><\/em><span   data-ajax-filter=[\"category\",\"logosuunnittelu\"]  data-filter=\".category-logosuunnittelu\">Logosuunnittelu<\/span><\/li><li class=\" wpr-pointer-none wpr-pointer-line-fx wpr-pointer-fx-none\"><em class=\"wpr-grid-filters-sep\"><\/em><span   data-ajax-filter=[\"category\",\"mainos\"]  data-filter=\".category-mainos\">Mainos<\/span><\/li><li class=\" wpr-pointer-none wpr-pointer-line-fx wpr-pointer-fx-none\"><em class=\"wpr-grid-filters-sep\"><\/em><span   data-ajax-filter=[\"category\",\"pdf\"]  data-filter=\".category-pdf\">Pdf<\/span><\/li><li class=\" wpr-pointer-none wpr-pointer-line-fx wpr-pointer-fx-none\"><em class=\"wpr-grid-filters-sep\"><\/em><span   data-ajax-filter=[\"category\",\"photoshop\"]  data-filter=\".category-photoshop\">Photoshop<\/span><\/li><li class=\" wpr-pointer-none wpr-pointer-line-fx wpr-pointer-fx-none\"><em class=\"wpr-grid-filters-sep\"><\/em><span   data-ajax-filter=[\"category\",\"procreate\"]  data-filter=\".category-procreate\">Procreate<\/span><\/li><li class=\" wpr-pointer-none wpr-pointer-line-fx wpr-pointer-fx-none\"><em class=\"wpr-grid-filters-sep\"><\/em><span   data-ajax-filter=[\"category\",\"taitto\"]  data-filter=\".category-taitto\">Taitto<\/span><\/li><li class=\" wpr-pointer-none wpr-pointer-line-fx wpr-pointer-fx-none\"><em class=\"wpr-grid-filters-sep\"><\/em><span   data-ajax-filter=[\"category\",\"photography\"]  data-filter=\".category-photography\">Valokuvaus<\/span><\/li><li class=\" wpr-pointer-none wpr-pointer-line-fx wpr-pointer-fx-none\"><em class=\"wpr-grid-filters-sep\"><\/em><span   data-ajax-filter=[\"category\",\"watercolours\"]  data-filter=\".category-watercolours\">Vesiv\u00e4rit<\/span><\/li><li class=\" wpr-pointer-none wpr-pointer-line-fx wpr-pointer-fx-none\"><em class=\"wpr-grid-filters-sep\"><\/em><span   data-ajax-filter=[\"category\",\"web\"]  data-filter=\".category-web\">Web<\/span><\/li><\/ul><section class=\"wpr-grid elementor-clearfix\" data-settings=\"{&quot;layout&quot;:&quot;fitRows&quot;,&quot;stick_last_element_to_bottom&quot;:&quot;&quot;,&quot;columns_desktop&quot;:&quot;3&quot;,&quot;gutter_hr&quot;:15,&quot;gutter_hr_mobile&quot;:15,&quot;gutter_hr_mobile_extra&quot;:15,&quot;gutter_hr_tablet&quot;:15,&quot;gutter_hr_tablet_extra&quot;:15,&quot;gutter_hr_laptop&quot;:15,&quot;gutter_hr_widescreen&quot;:15,&quot;gutter_vr&quot;:15,&quot;gutter_vr_mobile&quot;:15,&quot;gutter_vr_mobile_extra&quot;:15,&quot;gutter_vr_tablet&quot;:15,&quot;gutter_vr_tablet_extra&quot;:15,&quot;gutter_vr_laptop&quot;:15,&quot;gutter_vr_widescreen&quot;:15,&quot;animation&quot;:&quot;default&quot;,&quot;animation_duration&quot;:0.4,&quot;animation_delay&quot;:0.1,&quot;deeplinking&quot;:&quot;&quot;,&quot;filters_linkable&quot;:&quot;no&quot;,&quot;filters_default_filter&quot;:&quot;&quot;,&quot;filters_count&quot;:&quot;&quot;,&quot;filters_hide_empty&quot;:&quot;yes&quot;,&quot;filters_animation&quot;:&quot;default&quot;,&quot;filters_animation_duration&quot;:0.8,&quot;filters_animation_delay&quot;:0.3,&quot;pagination_type&quot;:&quot;load-more&quot;,&quot;pagination_max_pages&quot;:1,&quot;lightbox&quot;:{&quot;selector&quot;:&quot;.wpr-grid-image-wrap&quot;,&quot;iframeMaxWidth&quot;:&quot;60%&quot;,&quot;hash&quot;:false,&quot;autoplay&quot;:&quot;&quot;,&quot;pause&quot;:5000,&quot;progressBar&quot;:&quot;true&quot;,&quot;counter&quot;:&quot;true&quot;,&quot;controls&quot;:&quot;true&quot;,&quot;getCaptionFromTitleOrAlt&quot;:&quot;true&quot;,&quot;thumbnail&quot;:&quot;&quot;,&quot;showThumbByDefault&quot;:&quot;&quot;,&quot;share&quot;:&quot;&quot;,&quot;zoom&quot;:&quot;true&quot;,&quot;fullScreen&quot;:&quot;true&quot;,&quot;download&quot;:&quot;true&quot;}}\" data-advanced-filters=\"no\"><article class=\"wpr-grid-item elementor-clearfix post-447 post type-post status-publish format-standard has-post-thumbnail hentry category-design category-esitteet category-flyer category-illustrator category-indesign category-photoediting category-mainos category-pdf category-taitto category-photography\"><div class=\"wpr-grid-item-inner\"><div class=\"wpr-grid-media-wrap wpr-effect-size-medium \" data-overlay-link=\"yes\"><div class=\"wpr-grid-image-wrap\" data-src=\"https:\/\/creativekatja.cabaroo.com\/wp-content\/uploads\/elementor\/thumbs\/cafeviik-qjsqm5ipewt5zobxbxo0lzra8n5bywjtu6srd129nc.png\" data-img-on-hover=\"\"  data-src-secondary=\"\"><img decoding=\"async\" data-no-lazy=\"1\" src=\"https:\/\/creativekatja.cabaroo.com\/wp-content\/uploads\/elementor\/thumbs\/cafeviik-qjsqm5ipewt5zobxbxo0lzra8n5bywjtu6srd129nc.png\" alt=\"Esitteet\" class=\"wpr-anim-timing-ease-default\"><\/div><div class=\"wpr-grid-media-hover wpr-animation-wrap\"><div class=\"wpr-grid-media-hover-bg  wpr-overlay-fade-in wpr-anim-size-large wpr-anim-timing-ease-default wpr-anim-transparency\" data-url=\"https:\/\/creativekatja.cabaroo.com\/?p=447\"><\/div><\/div><\/div><div class=\"wpr-grid-item-below-content elementor-clearfix\"><h2 class=\"wpr-grid-item-title elementor-repeater-item-83c0ab6 wpr-grid-item-display-block wpr-grid-item-align-left wpr-pointer-none wpr-pointer-line-fx wpr-pointer-fx-fade\"><div class=\"inner-block\"><a target=\"_self\"  href=\"https:\/\/creativekatja.cabaroo.com\/?p=447\">Esitteet<\/a><\/div><\/h2><div class=\"wpr-grid-item-category elementor-repeater-item-deefd3e wpr-grid-item-display-block wpr-grid-item-align-left wpr-pointer-none wpr-pointer-line-fx wpr-pointer-fx-fade wpr-grid-tax-style-1\"><div class=\"inner-block\"><a class=\" wpr-tax-id-3\" href=\"https:\/\/creativekatja.cabaroo.com\/?cat=3\">Design<span class=\"tax-sep\">, <\/span><\/a><a class=\" wpr-tax-id-31\" href=\"https:\/\/creativekatja.cabaroo.com\/?cat=31\">Esitteet<span class=\"tax-sep\">, <\/span><\/a><a class=\" wpr-tax-id-30\" href=\"https:\/\/creativekatja.cabaroo.com\/?cat=30\">Flyer<span class=\"tax-sep\">, <\/span><\/a><a class=\" wpr-tax-id-34\" href=\"https:\/\/creativekatja.cabaroo.com\/?cat=34\">Illustrator<span class=\"tax-sep\">, <\/span><\/a><a class=\" wpr-tax-id-35\" href=\"https:\/\/creativekatja.cabaroo.com\/?cat=35\">InDesign<span class=\"tax-sep\">, <\/span><\/a><a class=\" wpr-tax-id-38\" href=\"https:\/\/creativekatja.cabaroo.com\/?cat=38\">Kuvank\u00e4sittely<span class=\"tax-sep\">, <\/span><\/a><a class=\" wpr-tax-id-37\" href=\"https:\/\/creativekatja.cabaroo.com\/?cat=37\">Mainos<span class=\"tax-sep\">, <\/span><\/a><a class=\" wpr-tax-id-36\" href=\"https:\/\/creativekatja.cabaroo.com\/?cat=36\">Pdf<span class=\"tax-sep\">, <\/span><\/a><a class=\" wpr-tax-id-32\" href=\"https:\/\/creativekatja.cabaroo.com\/?cat=32\">Taitto<span class=\"tax-sep\">, <\/span><\/a><a class=\" wpr-tax-id-6\" href=\"https:\/\/creativekatja.cabaroo.com\/?cat=6\">Valokuvaus<\/a><\/div><\/div><\/div><\/div><\/article><article class=\"wpr-grid-item elementor-clearfix post-441 post type-post status-publish format-standard has-post-thumbnail hentry category-banner category-design category-esitteet category-flyer category-photoediting category-mainos category-photoshop category-photography category-web\"><div class=\"wpr-grid-item-inner\"><div class=\"wpr-grid-media-wrap wpr-effect-size-medium \" data-overlay-link=\"yes\"><div class=\"wpr-grid-image-wrap\" data-src=\"https:\/\/creativekatja.cabaroo.com\/wp-content\/uploads\/elementor\/thumbs\/kortteja1-qjsqmb5qjx0vxc3qf03s0yc1sydj9367uypo8otwm0.jpg\" data-img-on-hover=\"\"  data-src-secondary=\"\"><img decoding=\"async\" data-no-lazy=\"1\" src=\"https:\/\/creativekatja.cabaroo.com\/wp-content\/uploads\/elementor\/thumbs\/kortteja1-qjsqmb5qjx0vxc3qf03s0yc1sydj9367uypo8otwm0.jpg\" alt=\"photoedit1\" class=\"wpr-anim-timing-ease-default\"><\/div><div class=\"wpr-grid-media-hover wpr-animation-wrap\"><div class=\"wpr-grid-media-hover-bg  wpr-overlay-fade-in wpr-anim-size-large wpr-anim-timing-ease-default wpr-anim-transparency\" data-url=\"https:\/\/creativekatja.cabaroo.com\/?p=441\"><\/div><\/div><\/div><div class=\"wpr-grid-item-below-content elementor-clearfix\"><h2 class=\"wpr-grid-item-title elementor-repeater-item-83c0ab6 wpr-grid-item-display-block wpr-grid-item-align-left wpr-pointer-none wpr-pointer-line-fx wpr-pointer-fx-fade\"><div class=\"inner-block\"><a target=\"_self\"  href=\"https:\/\/creativekatja.cabaroo.com\/?p=441\">Kuvank\u00e4sittely<\/a><\/div><\/h2><div class=\"wpr-grid-item-category elementor-repeater-item-deefd3e wpr-grid-item-display-block wpr-grid-item-align-left wpr-pointer-none wpr-pointer-line-fx wpr-pointer-fx-fade wpr-grid-tax-style-1\"><div class=\"inner-block\"><a class=\" wpr-tax-id-19\" href=\"https:\/\/creativekatja.cabaroo.com\/?cat=19\">Banner<span class=\"tax-sep\">, <\/span><\/a><a class=\" wpr-tax-id-3\" href=\"https:\/\/creativekatja.cabaroo.com\/?cat=3\">Design<span class=\"tax-sep\">, <\/span><\/a><a class=\" wpr-tax-id-31\" href=\"https:\/\/creativekatja.cabaroo.com\/?cat=31\">Esitteet<span class=\"tax-sep\">, <\/span><\/a><a class=\" wpr-tax-id-30\" href=\"https:\/\/creativekatja.cabaroo.com\/?cat=30\">Flyer<span class=\"tax-sep\">, <\/span><\/a><a class=\" wpr-tax-id-38\" href=\"https:\/\/creativekatja.cabaroo.com\/?cat=38\">Kuvank\u00e4sittely<span class=\"tax-sep\">, <\/span><\/a><a class=\" wpr-tax-id-37\" href=\"https:\/\/creativekatja.cabaroo.com\/?cat=37\">Mainos<span class=\"tax-sep\">, <\/span><\/a><a class=\" wpr-tax-id-33\" href=\"https:\/\/creativekatja.cabaroo.com\/?cat=33\">Photoshop<span class=\"tax-sep\">, <\/span><\/a><a class=\" wpr-tax-id-6\" href=\"https:\/\/creativekatja.cabaroo.com\/?cat=6\">Valokuvaus<span class=\"tax-sep\">, <\/span><\/a><a class=\" wpr-tax-id-23\" href=\"https:\/\/creativekatja.cabaroo.com\/?cat=23\">Web<\/a><\/div><\/div><\/div><\/div><\/article><article class=\"wpr-grid-item elementor-clearfix post-451 post type-post status-publish format-standard has-post-thumbnail hentry category-design category-indesign category-photoediting category-photoshop category-taitto\"><div class=\"wpr-grid-item-inner\"><div class=\"wpr-grid-media-wrap wpr-effect-size-medium \" data-overlay-link=\"yes\"><div class=\"wpr-grid-image-wrap\" data-src=\"https:\/\/creativekatja.cabaroo.com\/wp-content\/uploads\/elementor\/thumbs\/puutarhatait-qk2s06m5igk74cjaw3bshggsysd3uagwvuznogylp4.png\" data-img-on-hover=\"\"  data-src-secondary=\"\"><img decoding=\"async\" data-no-lazy=\"1\" src=\"https:\/\/creativekatja.cabaroo.com\/wp-content\/uploads\/elementor\/thumbs\/puutarhatait-qk2s06m5igk74cjaw3bshggsysd3uagwvuznogylp4.png\" alt=\"Taitto\" class=\"wpr-anim-timing-ease-default\"><\/div><div class=\"wpr-grid-media-hover wpr-animation-wrap\"><div class=\"wpr-grid-media-hover-bg  wpr-overlay-fade-in wpr-anim-size-large wpr-anim-timing-ease-default wpr-anim-transparency\" data-url=\"https:\/\/creativekatja.cabaroo.com\/?p=451\"><\/div><\/div><\/div><div class=\"wpr-grid-item-below-content elementor-clearfix\"><h2 class=\"wpr-grid-item-title elementor-repeater-item-83c0ab6 wpr-grid-item-display-block wpr-grid-item-align-left wpr-pointer-none wpr-pointer-line-fx wpr-pointer-fx-fade\"><div class=\"inner-block\"><a target=\"_self\"  href=\"https:\/\/creativekatja.cabaroo.com\/?p=451\">Lehden taitto<\/a><\/div><\/h2><div class=\"wpr-grid-item-category elementor-repeater-item-deefd3e wpr-grid-item-display-block wpr-grid-item-align-left wpr-pointer-none wpr-pointer-line-fx wpr-pointer-fx-fade wpr-grid-tax-style-1\"><div class=\"inner-block\"><a class=\" wpr-tax-id-3\" href=\"https:\/\/creativekatja.cabaroo.com\/?cat=3\">Design<span class=\"tax-sep\">, <\/span><\/a><a class=\" wpr-tax-id-35\" href=\"https:\/\/creativekatja.cabaroo.com\/?cat=35\">InDesign<span class=\"tax-sep\">, <\/span><\/a><a class=\" wpr-tax-id-38\" href=\"https:\/\/creativekatja.cabaroo.com\/?cat=38\">Kuvank\u00e4sittely<span class=\"tax-sep\">, <\/span><\/a><a class=\" wpr-tax-id-33\" href=\"https:\/\/creativekatja.cabaroo.com\/?cat=33\">Photoshop<span class=\"tax-sep\">, <\/span><\/a><a class=\" wpr-tax-id-32\" href=\"https:\/\/creativekatja.cabaroo.com\/?cat=32\">Taitto<\/a><\/div><\/div><\/div><\/div><\/article><article class=\"wpr-grid-item elementor-clearfix post-439 post type-post status-publish format-standard has-post-thumbnail hentry category-design category-illustrator category-logosuunnittelu\"><div class=\"wpr-grid-item-inner\"><div class=\"wpr-grid-media-wrap wpr-effect-size-medium \" data-overlay-link=\"yes\"><div class=\"wpr-grid-image-wrap\" data-src=\"https:\/\/creativekatja.cabaroo.com\/wp-content\/uploads\/elementor\/thumbs\/tahtit_logo-qjt3s8eadrsfnhpc1cx2ouzo5sgv77m5cnzy2451eg.jpg\" data-img-on-hover=\"\"  data-src-secondary=\"\"><img decoding=\"async\" data-no-lazy=\"1\" src=\"https:\/\/creativekatja.cabaroo.com\/wp-content\/uploads\/elementor\/thumbs\/tahtit_logo-qjt3s8eadrsfnhpc1cx2ouzo5sgv77m5cnzy2451eg.jpg\" alt=\"Vektorigrafiikka\" class=\"wpr-anim-timing-ease-default\"><\/div><div class=\"wpr-grid-media-hover wpr-animation-wrap\"><div class=\"wpr-grid-media-hover-bg  wpr-overlay-fade-in wpr-anim-size-large wpr-anim-timing-ease-default wpr-anim-transparency\" data-url=\"https:\/\/creativekatja.cabaroo.com\/?p=439\"><\/div><\/div><\/div><div class=\"wpr-grid-item-below-content elementor-clearfix\"><h2 class=\"wpr-grid-item-title elementor-repeater-item-83c0ab6 wpr-grid-item-display-block wpr-grid-item-align-left wpr-pointer-none wpr-pointer-line-fx wpr-pointer-fx-fade\"><div class=\"inner-block\"><a target=\"_self\"  href=\"https:\/\/creativekatja.cabaroo.com\/?p=439\">Vektorigrafiikka<\/a><\/div><\/h2><div class=\"wpr-grid-item-category elementor-repeater-item-deefd3e wpr-grid-item-display-block wpr-grid-item-align-left wpr-pointer-none wpr-pointer-line-fx wpr-pointer-fx-fade wpr-grid-tax-style-1\"><div class=\"inner-block\"><a class=\" wpr-tax-id-3\" href=\"https:\/\/creativekatja.cabaroo.com\/?cat=3\">Design<span class=\"tax-sep\">, <\/span><\/a><a class=\" wpr-tax-id-34\" href=\"https:\/\/creativekatja.cabaroo.com\/?cat=34\">Illustrator<span class=\"tax-sep\">, <\/span><\/a><a class=\" wpr-tax-id-29\" href=\"https:\/\/creativekatja.cabaroo.com\/?cat=29\">Logosuunnittelu<\/a><\/div><\/div><\/div><\/div><\/article><article class=\"wpr-grid-item elementor-clearfix post-401 post type-post status-publish format-standard has-post-thumbnail hentry category-design category-illustrator category-kuvitus category-photoshop category-procreate category-watercolours\"><div class=\"wpr-grid-item-inner\"><div class=\"wpr-grid-media-wrap wpr-effect-size-medium \" data-overlay-link=\"yes\"><div class=\"wpr-grid-image-wrap\" data-src=\"https:\/\/creativekatja.cabaroo.com\/wp-content\/uploads\/elementor\/thumbs\/snowdrops-qjsqmdz94f4qw5zmyjbnqfmfl3zmw6hevco4oipq3c.jpg\" data-img-on-hover=\"\"  data-src-secondary=\"\"><img decoding=\"async\" data-no-lazy=\"1\" src=\"https:\/\/creativekatja.cabaroo.com\/wp-content\/uploads\/elementor\/thumbs\/snowdrops-qjsqmdz94f4qw5zmyjbnqfmfl3zmw6hevco4oipq3c.jpg\" alt=\"lumikellot\" class=\"wpr-anim-timing-ease-default\"><\/div><div class=\"wpr-grid-media-hover wpr-animation-wrap\"><div class=\"wpr-grid-media-hover-bg  wpr-overlay-fade-in wpr-anim-size-large wpr-anim-timing-ease-default wpr-anim-transparency\" data-url=\"https:\/\/creativekatja.cabaroo.com\/?p=401\"><\/div><\/div><\/div><div class=\"wpr-grid-item-below-content elementor-clearfix\"><h2 class=\"wpr-grid-item-title elementor-repeater-item-83c0ab6 wpr-grid-item-display-block wpr-grid-item-align-left wpr-pointer-none wpr-pointer-line-fx wpr-pointer-fx-fade\"><div class=\"inner-block\"><a target=\"_self\"  href=\"https:\/\/creativekatja.cabaroo.com\/?p=401\">Kuvitus<\/a><\/div><\/h2><div class=\"wpr-grid-item-category elementor-repeater-item-deefd3e wpr-grid-item-display-block wpr-grid-item-align-left wpr-pointer-none wpr-pointer-line-fx wpr-pointer-fx-fade wpr-grid-tax-style-1\"><div class=\"inner-block\"><a class=\" wpr-tax-id-3\" href=\"https:\/\/creativekatja.cabaroo.com\/?cat=3\">Design<span class=\"tax-sep\">, <\/span><\/a><a class=\" wpr-tax-id-34\" href=\"https:\/\/creativekatja.cabaroo.com\/?cat=34\">Illustrator<span class=\"tax-sep\">, <\/span><\/a><a class=\" wpr-tax-id-39\" href=\"https:\/\/creativekatja.cabaroo.com\/?cat=39\">Kuvitus<span class=\"tax-sep\">, <\/span><\/a><a class=\" wpr-tax-id-33\" href=\"https:\/\/creativekatja.cabaroo.com\/?cat=33\">Photoshop<span class=\"tax-sep\">, <\/span><\/a><a class=\" wpr-tax-id-41\" href=\"https:\/\/creativekatja.cabaroo.com\/?cat=41\">Procreate<span class=\"tax-sep\">, <\/span><\/a><a class=\" wpr-tax-id-40\" href=\"https:\/\/creativekatja.cabaroo.com\/?cat=40\">Vesiv\u00e4rit<\/a><\/div><\/div><\/div><\/div><\/article><\/section>\t\t\t\t<\/div>\n\t\t\t\t<\/div>\n\t\t\t\t\t<\/div>\n\t\t<\/div>\n\t\t\t\t\t<\/div>\n\t\t<\/section>\n\t\t\t\t<\/div>\n\t\t","protected":false},"excerpt":{"rendered":"<p>Portfolio Portfolio Ty\u00f6n\u00e4ytteit\u00e4 Klikkaa kuvista niin p\u00e4\u00e4set lukemaan aiheesta enemm\u00e4n. Kaikki Banner Design Esitteet Flyer Illustrator InDesign Kuvank\u00e4sittely Kuvitus Logosuunnittelu Mainos Pdf Photoshop Procreate Taitto Valokuvaus Vesiv\u00e4rit Web Esitteet Design, Esitteet, Flyer, Illustrator, InDesign, Kuvank\u00e4sittely, Mainos, Pdf, Taitto, Valokuvaus Kuvank\u00e4sittely Banner, Design, Esitteet, Flyer, Kuvank\u00e4sittely, Mainos, Photoshop, Valokuvaus, Web Lehden taitto Design, InDesign, Kuvank\u00e4sittely, Photoshop, Taitto Vektorigrafiikka Design, Illustrator, Logosuunnittelu Kuvitus Design, Illustrator, Kuvitus, Photoshop, Procreate, Vesiv\u00e4rit<\/p>\n","protected":false},"author":1,"featured_media":0,"parent":0,"menu_order":0,"comment_status":"closed","ping_status":"closed","template":"elementor_canvas","meta":{"footnotes":""},"class_list":["post-84","page","type-page","status-publish","hentry"],"_links":{"self":[{"href":"https:\/\/creativekatja.cabaroo.com\/index.php?rest_route=\/wp\/v2\/pages\/84","targetHints":{"allow":["GET"]}}],"collection":[{"href":"https:\/\/creativekatja.cabaroo.com\/index.php?rest_route=\/wp\/v2\/pages"}],"about":[{"href":"https:\/\/creativekatja.cabaroo.com\/index.php?rest_route=\/wp\/v2\/types\/page"}],"author":[{"embeddable":true,"href":"https:\/\/creativekatja.cabaroo.com\/index.php?rest_route=\/wp\/v2\/users\/1"}],"replies":[{"embeddable":true,"href":"https:\/\/creativekatja.cabaroo.com\/index.php?rest_route=%2Fwp%2Fv2%2Fcomments&post=84"}],"version-history":[{"count":87,"href":"https:\/\/creativekatja.cabaroo.com\/index.php?rest_route=\/wp\/v2\/pages\/84\/revisions"}],"predecessor-version":[{"id":1578,"href":"https:\/\/creativekatja.cabaroo.com\/index.php?rest_route=\/wp\/v2\/pages\/84\/revisions\/1578"}],"wp:attachment":[{"href":"https:\/\/creativekatja.cabaroo.com\/index.php?rest_route=%2Fwp%2Fv2%2Fmedia&parent=84"}],"curies":[{"name":"wp","href":"https:\/\/api.w.org\/{rel}","templated":true}]}}